{"id":2711,"date":"2020-11-05T14:58:34","date_gmt":"2020-11-05T13:58:34","guid":{"rendered":"https:\/\/norda-advisory.com\/?page_id=2711"},"modified":"2022-03-27T17:52:39","modified_gmt":"2022-03-27T15:52:39","slug":"juridisk-meddelelse","status":"publish","type":"page","link":"https:\/\/norda-advisory.com\/dk\/juridisk-meddelelse\/","title":{"rendered":"Juridisk meddelelse"},"content":{"rendered":"<div class=\"fusion-fullwidth fullwidth-box fusion-builder-row-1 fusion-flex-container nonhundred-percent-fullwidth non-hundred-percent-height-scrolling\" style=\"--awb-border-radius-top-left:0px;--awb-border-radius-top-right:0px;--awb-border-radius-bottom-right:0px;--awb-border-radius-bottom-left:0px;--awb-flex-wrap:wrap;\" ><div class=\"fusion-builder-row fusion-row fusion-flex-align-items-flex-start fusion-flex-content-wrap\" style=\"max-width:1216.8px;margin-left: calc(-4% \/ 2 );margin-right: calc(-4% \/ 2 );\"><div class=\"fusion-layout-column fusion_builder_column fusion-builder-column-0 fusion_builder_column_1_1 1_1 fusion-flex-column\" style=\"--awb-bg-size:cover;--awb-width-large:100%;--awb-margin-top-large:0px;--awb-spacing-right-large:1.92%;--awb-margin-bottom-large:0px;--awb-spacing-left-large:1.92%;--awb-width-medium:100%;--awb-order-medium:0;--awb-spacing-right-medium:1.92%;--awb-spacing-left-medium:1.92%;--awb-width-small:100%;--awb-order-small:0;--awb-spacing-right-small:1.92%;--awb-spacing-left-small:1.92%;\"><div class=\"fusion-column-wrapper fusion-column-has-shadow fusion-flex-justify-content-flex-start fusion-content-layout-column\"><div class=\"fusion-title title fusion-title-1 fusion-sep-none fusion-title-text fusion-title-size-one\" style=\"--awb-margin-top-small:20px;--awb-margin-right-small:0px;--awb-margin-bottom-small:20px;--awb-margin-left-small:0px;\"><h1 class=\"fusion-title-heading title-heading-left fusion-responsive-typography-calculated\" style=\"margin:0;--fontSize:60;line-height:1.1;\">Rechtliche Hinweise<\/h1><\/div><div class=\"fusion-text fusion-text-1\"><p><b>Zuletzt aktualisiert: 11. Dezember 2020<\/b><\/p>\n<h3>Nutzungsbedingungen<\/h3>\n<p>Norda-Advisory.com besteht aus verschiedenen individuellen weltweiten, l\u00e4nder- oder dienstleistungsspezifischen Webseiten. Jede dieser eigenen Webseiten, die Sie zu irgendeinem Zeitpunkt w\u00e4hrend Ihrer Benutzung von norda-advisory.com ansehen, ist gem\u00e4\u00df dem &#8220;Standort&#8221; <strong>in der oberen rechten Ecke<\/strong> der Webseite entsprechend zugeordnet.<\/p>\n<p>Diese Nutzungsbedingungen gelten f\u00fcr die einzelnen weltweiten, regionalen, l\u00e4nder- oder dienstleistungsspezifischen Webseiten, die Sie auf norda-advisory.com angesehen haben bevor Sie diese Nutzungsbedingen angeklickt haben. Diese individuelle Webseite wird in den Nutzungsbedingungen als &#8220;<strong>diese Webseite<\/strong>&#8221; bezeichnet.<\/p>\n<p><strong>Durch die Benutzung dieser Webseite willigen Sie in die Nutzungsbedingungen ein. Falls Sie diesen Nutzungsbedingungen nicht zustimmen, ist es Ihnen nicht erlaubt, diese Webseite zu nutzen und Sie m\u00fcssen deren Benutzung sofort beenden.<\/strong><\/p>\n<p>Jede eigene weltweite, regionale, l\u00e4nder- oder dienstleistungsspezifische Webseite innerhalb von norda-advisory.com (gem\u00e4\u00df der Zuordnung in der oberen, rechten Ecke der Webseite) wird von einem eigenen Unternehmen des NORDA Advisory Netzwerks zur Verf\u00fcgung gestellt.<\/p>\n<p>Die NORDA Advisory GmbH, ist das Unternehmen innerhalb des NORDA Advisory Netzwerks, das diese Webseite zur Verf\u00fcgung stellt und wird in diesen Nutzungsbedingungen mit &#8220;wir&#8221;, &#8220;uns&#8221; oder &#8220;unserer\/m\/n&#8221; betitelt. Selbst falls sich bestimmte Abschnitte dieser Nutzungsbedingungen auf andere Unternehmen im NORDA Advisory Netzwerk beziehen, gelten diese Nutzungsbedingungen ausschlie\u00dflich im Verh\u00e4ltnis zwischen Ihnen und uns und nicht mit einem dieser anderen Unternehmen.<\/p>\n<h3>Verwendung der Inhalte; Einschr\u00e4nkungen; Datenschutzerkl\u00e4rung<\/h3>\n<p>Sofern im jeweiligen Inhalt nicht anders bestimmt und unter der Voraussetzung, dass Sie alle Verpflichtungen der Nutzungsbedingungen einhalten, ist es Ihnen erlaubt, die Inhalte dieser Webseite anzusehen, zu kopieren, zu drucken und zu verteilen (aber nicht zu ver\u00e4ndern); vorausgesetzt, dass (i) die Verwendung ausschliesslich f\u00fcr nicht-kommerzielle Informationszwecke erfolgt, und (ii) jede von Ihnen vorgenommene Kopie der Inhalte den Copyright-Hinweis oder sonstige Zuordnung der Inhalte enth\u00e4lt. Die Inhalte der Webseite d\u00fcrfen allein zu Informationszwecken verwendet werden. Insbesondere werden die Inhalte der Webseite nicht dazu verwendet, mit anderen Arbeiten, Publikationen oder Webseiten kombiniert zu werden, unabh\u00e4ngig davon, ob es sich hierbei um solche von Ihnen oder Dritten handelt.<\/p>\n<p>Es ist Ihnen nicht gestattet, die Software, propriet\u00e4re Prozesse oder Technologien, die dieser Webseite zugrundeliegen oder dort beschrieben werden, zu kopieren oder zu nutzen. Jedes auf dieser Webseite beschriebene Programm, jede Ver\u00f6ffentlichung, jeder Entwurf und Plan, jedes Muster, Modell und Produkt sowie jedes Verfahren, jede Software, Technologie und Information, jedes Know-how und jede Idee unterliegen grunds\u00e4tzlich dem Anwendungsbereich weiterer Rechte (insbesondere Rechten am so genannten geistigen Eigentum). Diese Rechte stehen in der Regel der NORDA Advisory GmbH als national eigenst\u00e4ndigem und unabh\u00e4ngigem Unternehmen zu, sowie gegebenenfalls NORDA Advisory, eine \u201eprivate company limited by guarantee\u201c (Gesellschaft mit beschr\u00e4nkter Haftung nach britischem Recht), und\/oder deren anderen national eigenst\u00e4ndigen und davon unabh\u00e4ngigen Mitgliedsunternehmen, (zusammen &#8221; NORDA Advisory&#8221;), k\u00f6nnen aber auch Dritten zustehen, die der NORDA Advisory GmbH ein Recht zur Darstellung auf der NORDA Advisory Webseite oder ein entsprechendes Recht zur Verlinkung (elektronischen &#8220;Verweisung&#8221;) auf deren Webseiten einger\u00e4umt haben. Mit dem Betrieb der NORDA Advisory Webseite im Internet ist weder eine \u00dcbertragung derartiger Rechte noch die Einr\u00e4umung irgendeines Nutzungsrechts (\u00fcber den hier festgelegten Rahmen hinaus) verbunden.<\/p>\n<p>Beim Zugriff auf diese Webseite und ihrer Nutzung befolgen Sie alle anwendbaren Gesetze.<br \/>\nSie best\u00e4tigen, dass wir Ihre pers\u00f6nlichen Informationen und Daten in \u00dcbereinstimmung mit unserer Datenschutzerkl\u00e4rung und unserer Cookie-Bestimmung, die beide Bestandteil dieses Dokuments sind, verwenden d\u00fcrfen. Sie stimmen hiermit den Bedingungen unserer Datenschutzerkl\u00e4rung und unserer Cookie-Bestimmung sowie den Ihnen darin auferlegten Verpflichtungen zu.<\/p>\n<h3>Geistige Eigentumsrechte; Keine Verwendung des Namens oder des Logos von NORDA Advisory<\/h3>\n<p>Sofern nicht anderweitig vermerkt, wurden die Inhalte dieser Webseite von uns oder einem anderen Mitgliedsunternehmen des NORDA Advisory Netzwerks zur Verf\u00fcgung gestellt.<\/p>\n<p>Diese Webseite und ihre Inhalte sind durch Copyright-, Trademark- und andere Gesetze der Vereinigten Staaten und\/oder anderen L\u00e4ndern gesch\u00fctzt. Wir und unsere Lizenzgeber behalten uns alle Rechte vor, die nicht ausdr\u00fccklich in den Nutzungsbedingungen gew\u00e4hrt werden.<\/p>\n<p>&#8220;NORDA Advisory&#8221;, das NORDA Advisory Logo und lokale Sprachvarianten der genannten Warenzeichen, und bestimmte Produktnamen sowie alle darauf Bezug nehmenden Kopf- und Fu\u00dfzeilen als auch Symbole, die auf dieser Webseite aufgef\u00fchrt sind, sind Schutzmarken (Warenzeichen, eingetragene Warenzeichen, Dienstleistungszeichen, G\u00fctezeichen etc.) von Unternehmen des NORDA Advisory Netzwerks. Sofern nicht ausdr\u00fccklich in den Nutzungsbedingungen erlaubt, darf der Name &#8221; NORDA Advisory &#8220;, das NORDA Advisory Logo oder lokale Sprachvarianten der genannten Warenzeichen weder allein noch in Kombination mit anderen Worten oder Designelementen verwendet werden. Die genannten Namen, Zeichen oder Logos d\u00fcrfen weder in schriftlicher, noch m\u00fcndlicher, visueller oder einer anderen Form in Medienmitteilungen, Werbeanzeigen oder anderen Werbe- oder Marketingmaterialien oder -medien verwendet werden, ausser dies wurde ausdr\u00fccklich schriftlich von NORDA Advisory oder dessen Vertreter genehmigt. Um eine solche Genehmigung einzuholen, verwenden Sie bitte das Kontaktformular auf dieser Webseite.<\/p>\n<p>Verweise dieser Webseite auf die Warenzeichen Dritter dienen ausschliesslich der Identifikation und bedeuten nicht, dass diese Drittparteien diese Webseite oder ihre Inhalte genehmigt haben. Diese Nutzungsbedingungen berechtigen Sie nicht zur Nutzung der Warenzeichen dieser Drittparteien.<\/p>\n<h3>Haftungsausschluss und Haftungsbeschr\u00e4nkung<\/h3>\n<p>Die NORDA Advisory Webseite wurde eingerichtet, um allgemeine Informationen und Hinweise zu bestimmten Themen wiederzugeben, jedoch nicht, um einzelne Themen vertieft zu behandeln. Die NORDA Advisory Webseite ist nicht daf\u00fcr konzipiert, einen verbindlichen Rat (auch nicht zu den Themen Bilanzierung, Steuern, Recht, Investitionen), eine sonstige Dienst- oder Werkleistung oder etwa eine Antwort auf eine damit im Zusammenhang stehende Frage zu geben. Dementsprechend k\u00f6nnen Sie sich f\u00fcr eine Entscheidung oder Ma\u00dfnahme nicht auf Inhalte dieser Webseite st\u00fctzen und sollten sich deshalb bei Fragen Ihrer pers\u00f6nlichen Finanzen und Gesch\u00e4fte stets an einen entsprechend fachlich qualifizierten Berater wenden. Sollten Sie sich jedoch trotz dieses Rates bei einer Entscheidung oder Ma\u00dfnahme auf Inhalte dieser Webseite st\u00fctzen, handeln Sie ausschlie\u00dflich auf eigenes Risiko; Sch\u00e4den oder Folgesch\u00e4den, die dadurch entstehen, dass Sie eine Ihrer Entscheidungen oder Ma\u00dfnahmen auf Inhalte dieser Webseite st\u00fctzen, k\u00f6nnen gegen\u00fcber NORDA Advisory nicht geltend gemacht werden, auch nicht gegen\u00fcber deren Gesellschaftern, Gesch\u00e4ftsf\u00fchrern oder Mitarbeitern von NORDA Advisory. Dies gilt unabh\u00e4ngig von der Rechtsgrundlage (national oder international, Vertragsrecht, Recht der unerlaubten Handlungen etc.).<br \/>\nDie auf der Webseite dargestellten Informationen (einschlie\u00dflich der verf\u00fcgbaren Dokumente) werden im oben genannten Rahmen nur in ihrer urspr\u00fcnglichen Form und in ihrem urspr\u00fcnglichen Zusammenhang zur Verf\u00fcgung gestellt. NORDA Advisory GmbH \u00fcbernimmt keinerlei Garantie, Zusicherung oder sonstige Gew\u00e4hrleistung f\u00fcr die Richtigkeit, Genauigkeit, Vollst\u00e4ndigkeit, Qualit\u00e4t und\/oder Verwendbarkeit der dort dargestellten Informationen (einschlie\u00dflich der dort verf\u00fcgbaren Dokumente).<\/p>\n<p>DIE BENUTZUNG DIESER WEBSEITE IST AUF EIGENE GEFAHR UND SIE \u00dcBERNEHMEN DIE VOLLE VERANTWORTUNG UND DAS VERLUSTRISIKO, DAS VON DER BENUTZUNG AUSGEHT, INKLUSIVE OHNE EINSCHR\u00c4NKUNG DER VERLUST DER BETRIEBSF\u00c4HIGKEIT ODER DER DATEN. WIR SIND NICHT VERANTWORTLICH F\u00dcR ALLF\u00c4LLIGE DIREKTE, INDIREKTE, SONDER-, NEBEN- ODER FOLGESCH\u00c4DEN ODER STRAFZUSCHL\u00c4GE ZUM SCHADENSERSATZ ODER SONSTIGE SCH\u00c4DEN JEGLICHER ART, WEDER DURCH VERTRAG, GESETZ, UNERLAUBTE HANDLUNG (EINSCHLIESSICH, OHNE EINSCHR\u00c4NKUNG, FAHRL\u00c4SSIGKEIT) NOCH IN SONSTIGER FORM, IM ZUSAMMENHANG MIT ODER AUFGRUND DER NUTZUNG DIESER WEBSEITE, SELBST FALLS WIR VON DER M\u00d6GLICHKEIT DERARTIGER SCH\u00c4DEN WUSSTEN ODER WISSEN H\u00c4TTEN M\u00dcSSEN.<br \/>\nBESTIMMTE ELEKTRONISCHE QUERVERWEISE (\u201cLINKS\u201d) AUF DIESER WEBSEITE F\u00dcHREN ZU WEBSEITEN, RESSOURCEN ODER HILFSMITTELN, DIE VON DRITTPARTEIEN BEREIT GESTELLT WERDEN \u00dcBER DIE WIR KEINE KONTROLLE HABEN, INKLUSIVE, OHNE EINSCHR\u00c4NKUNG, SOLCHER SEITEN, DIE VON ANDEREN MITGLIEDERN DES NORDA Advisory NETZWERKS ODER EINZELNEN MITARBEITERN DIESER FIRMEN BEREIT GESTELLT WERDEN. OHNE DAS VORANGEGANGENE EINZUSCHR\u00c4NKEN, GEW\u00c4HRLEISTEN ODER GARANTIEREN WIR WEDER AUSDR\u00dcCKLICH NOCH IMPLIZIT DERARTIGE WEBSEITEN, RESSOURCEN UND HILFSMITTEL, UND LINKS AUF DIESE WEBSEITEN, RESSOURCEN UND HILFSMITTEL SOLLTEN NICHT ALS EMPFEHLUNG UNSERERSEITS DAF\u00dcR ODER F\u00dcR DEREN INHALTE INTERPRETIERT WERDEN.<\/p>\n<p>DIE OBENSTEHENDEN HAFTUNGSAUSSCHL\u00dcSSE UND \u2013BESCHR\u00c4NKUNGEN GELTEN NICHT NUR F\u00dcR UNS, SONDERN AUCH F\u00dcR UND ZUGUNSTEN JEDES ANDEREn MITGLIEDES DES NORDA Advisory NETZWERKS UND F\u00dcR UNSERE UND DEREN MITARBEITER.<\/p>\n<p>DIE OBENSTEHENDEN HAFTUNGSAUSSCHL\u00dcSSE UND -GESCHR\u00c4NKUNGEN GELTEN IM VOLLEN GESETZLICH ZUGELASSENEN UMFANG, F\u00dcR VERTR\u00c4GE, GESETZE, UNERLAUBTE HANDLUNGEN (EINSCHLIESSLICH, OHNE EINSCHR\u00c4NKUNG, FAHRL\u00c4SSIGKEIT) ODER IN SONSTIGER WEISE.<\/p>\n<h3>Zus\u00e4tzliche Bedingungen<\/h3>\n<p>Sollte eine dieser Nutzungsbedingungen an einem Gerichtsstand nicht g\u00fcltig oder nicht durchsetzbar sein, dann (i) soll diese an diesem Gerichtsstand in juristisch gr\u00f6sstm\u00f6glichem Umfang dergestalt ausgelegt werden, dass ihr Zweck m\u00f6glichst sinngem\u00e4ss erf\u00fcllt wird und die sonstigen Nutzungsbedingungen sollen vollumf\u00e4nglich wirksam bleiben, und (ii) an allen anderen Gerichtsst\u00e4nden sollen diese Nutzungsbedingungen vollumf\u00e4nglich wirksam bleiben.<\/p>\n<p>Es steht uns frei, diese Nutzungsbedingungen jederzeit nach unserem eigenen Ermessen zu \u00e4ndern, indem wir die ge\u00e4nderten Nutzungsbedingungen unter dem Link &#8220;Nutzungsbedingungen&#8221; (d.h. auf der Webseite, die Sie gerade ansehen) oder an sonstiger Stelle auf dieser Webseite bekannt machen . Solche \u00c4nderungen sind ab der Bekanntmachung g\u00fcltig, es sei denn wir weisen explizit darauf hin. Es liegt in Ihrer Verantwortlichkeit, sich mit allf\u00e4lligen \u00c4nderungen der Nutzungsbedingungen vertraut zu machen, indem Sie diese Webseite konsultieren. Indem Sie die Webseite nach einer \u00c4nderung der Nutzungsbedingungen weiter verwenden, stimmen Sie den ge\u00e4nderten Nutzungsbedingungen zu.<\/p>\n<p>\u201eDie verwendeten Sammelbezeichnungen Bewerber, Absolvent, Praktikant, Kunde, Mitarbeiter o.\u00e4. gelten f\u00fcr M\u00e4nner und Frauen gleicherma\u00dfen und sind deshalb als geschlechtsneutral anzusehen\u201c.<\/p>\n<\/div><\/div><\/div><\/div><\/div>\n","protected":false},"excerpt":{"rendered":"","protected":false},"author":1,"featured_media":0,"parent":0,"menu_order":0,"comment_status":"closed","ping_status":"closed","template":"100-width.php","meta":{"footnotes":""},"class_list":["post-2711","page","type-page","status-publish","hentry"],"_links":{"self":[{"href":"https:\/\/norda-advisory.com\/dk\/wp-json\/wp\/v2\/pages\/2711","targetHints":{"allow":["GET"]}}],"collection":[{"href":"https:\/\/norda-advisory.com\/dk\/wp-json\/wp\/v2\/pages"}],"about":[{"href":"https:\/\/norda-advisory.com\/dk\/wp-json\/wp\/v2\/types\/page"}],"author":[{"embeddable":true,"href":"https:\/\/norda-advisory.com\/dk\/wp-json\/wp\/v2\/users\/1"}],"replies":[{"embeddable":true,"href":"https:\/\/norda-advisory.com\/dk\/wp-json\/wp\/v2\/comments?post=2711"}],"version-history":[{"count":0,"href":"https:\/\/norda-advisory.com\/dk\/wp-json\/wp\/v2\/pages\/2711\/revisions"}],"wp:attachment":[{"href":"https:\/\/norda-advisory.com\/dk\/wp-json\/wp\/v2\/media?parent=2711"}],"curies":[{"name":"wp","href":"https:\/\/api.w.org\/{rel}","templated":true}]}}